{"id":1235,"date":"2021-11-06T12:21:37","date_gmt":"2021-11-06T12:21:37","guid":{"rendered":"http:\/\/www.entretalent.com\/direccio-de-persones\/"},"modified":"2024-11-21T18:35:53","modified_gmt":"2024-11-21T18:35:53","slug":"direccio-de-persones","status":"publish","type":"page","link":"https:\/\/www.entretalent.com\/ca\/direccio-de-persones\/","title":{"rendered":"Direcci\u00f3 de persones"},"content":{"rendered":"<p>[et_pb_section fb_built=&#8221;1&#8243; fullwidth=&#8221;on&#8221; admin_label=&#8221;Hero&#8221; _builder_version=&#8221;4.16&#8243; background_enable_image=&#8221;off&#8221; parallax=&#8221;on&#8221; global_colors_info=&#8221;{}&#8221;][et_pb_fullwidth_header content_max_width=&#8221;700px&#8221; _builder_version=&#8221;4.16&#8243; title_font=&#8221;Gadugi|700|||||||&#8221; title_font_size=&#8221;40px&#8221; title_line_height=&#8221;1.5em&#8221; content_font=&#8221;Nunito|600|||||||&#8221; content_font_size=&#8221;20px&#8221; subhead_font=&#8221;Gadugi|700|||||||&#8221; subhead_font_size=&#8221;30px&#8221; subhead_line_height=&#8221;1.8em&#8221; background_color=&#8221;rgba(0,0,0,0)&#8221; use_background_color_gradient=&#8221;on&#8221; background_color_gradient_direction=&#8221;220deg&#8221; background_color_gradient_stops=&#8221;rgba(53,80,160,0.27) 0%|#ffffff 100%&#8221; background_color_gradient_overlays_image=&#8221;on&#8221; background_color_gradient_start=&#8221;rgba(53,80,160,0.27)&#8221; background_color_gradient_end=&#8221;#ffffff&#8221; custom_button_one=&#8221;on&#8221; button_one_text_size=&#8221;16px&#8221; button_one_text_color=&#8221;#3550a0&#8243; button_one_bg_color=&#8221;#ffffff&#8221; button_one_border_width=&#8221;10px&#8221; button_one_border_color=&#8221;rgba(210,159,104,0)&#8221; button_one_border_radius=&#8221;100px&#8221; button_one_font=&#8221;Lato|900|||||||&#8221; button_one_use_icon=&#8221;off&#8221; custom_button_two=&#8221;on&#8221; button_two_text_size=&#8221;16px&#8221; button_two_text_color=&#8221;#ffffff&#8221; button_two_bg_color=&#8221;rgba(255,255,255,0.15)&#8221; button_two_border_width=&#8221;10px&#8221; button_two_border_color=&#8221;rgba(210,159,104,0)&#8221; button_two_border_radius=&#8221;100px&#8221; button_two_font=&#8221;Lato|900|||||||&#8221; button_two_use_icon=&#8221;off&#8221; custom_margin=&#8221;|||&#8221; custom_padding=&#8221;0vw||0vw||false|false&#8221; custom_padding_tablet=&#8221;20vw||20vw||true&#8221; custom_padding_phone=&#8221;20vw||20vw||true&#8221; custom_padding_last_edited=&#8221;on|desktop&#8221; title_font_size_tablet=&#8221;50px&#8221; title_font_size_phone=&#8221;32px&#8221; title_font_size_last_edited=&#8221;on|tablet&#8221; button_one_text_color_hover=&#8221;#3550a0&#8243; button_two_text_color_hover=&#8221;#ffffff&#8221; button_one_bg_color_hover=&#8221;rgba(255,255,255,0.8)&#8221; button_two_bg_color_hover=&#8221;rgba(255,255,255,0.3)&#8221; global_colors_info=&#8221;{}&#8221; button_one_text_size__hover_enabled=&#8221;off&#8221; button_two_text_size__hover_enabled=&#8221;off&#8221; button_one_text_color__hover_enabled=&#8221;on&#8221; button_one_text_color__hover=&#8221;#3550a0&#8243; button_two_text_color__hover_enabled=&#8221;on&#8221; button_two_text_color__hover=&#8221;#ffffff&#8221; button_one_border_width__hover_enabled=&#8221;off&#8221; button_two_border_width__hover_enabled=&#8221;off&#8221; button_one_border_color__hover_enabled=&#8221;off&#8221; button_two_border_color__hover_enabled=&#8221;off&#8221; button_one_border_radius__hover_enabled=&#8221;off&#8221; button_two_border_radius__hover_enabled=&#8221;off&#8221; button_one_letter_spacing__hover_enabled=&#8221;off&#8221; button_two_letter_spacing__hover_enabled=&#8221;off&#8221; button_one_bg_color__hover_enabled=&#8221;on&#8221; button_one_bg_color__hover=&#8221;rgba(255,255,255,0.8)&#8221; button_two_bg_color__hover_enabled=&#8221;on&#8221; button_two_bg_color__hover=&#8221;rgba(255,255,255,0.3)&#8221;]<\/p>\n<h1><span color=\"#008000\" style=\"color: #008000;\">Direcci\u00f3 de persones &#8211;<br \/>Recursos Humans externalitzats<\/span><\/h1>\n<p>[\/et_pb_fullwidth_header][\/et_pb_section][et_pb_section fb_built=&#8221;1&#8243; disabled_on=&#8221;off|off|off&#8221; admin_label=&#8221;About&#8221; _builder_version=&#8221;4.16&#8243; custom_padding=&#8221;||0px|||&#8221; global_colors_info=&#8221;{}&#8221;][et_pb_row _builder_version=&#8221;4.16&#8243; background_color=&#8221;#009900&#8243; background_image=&#8221;http:\/\/www.entretalent.com\/wp-content\/uploads\/2020\/07\/direccion-recursos-humanos.jpg&#8221; min_height=&#8221;140px&#8221; custom_padding=&#8221;10px||0px||false|false&#8221; global_colors_info=&#8221;{}&#8221;][et_pb_column type=&#8221;4_4&#8243; _builder_version=&#8221;4.16&#8243; background_color=&#8221;rgba(0,0,0,0)&#8221; background_enable_image=&#8221;off&#8221; background_size=&#8221;initial&#8221; background_blend=&#8221;lighten&#8221; custom_padding=&#8221;0px||||false|false&#8221; global_colors_info=&#8221;{}&#8221; custom_padding__hover=&#8221;|||&#8221;][et_pb_cta button_url=&#8221;#top&#8221; admin_label=&#8221;CTA&#8221; _builder_version=&#8221;4.16&#8243; header_font=&#8221;Gadugi|700|||||||&#8221; header_text_color=&#8221;#ff6600&#8243; header_font_size=&#8221;40px&#8221; header_line_height=&#8221;1.5em&#8221; body_font=&#8221;Gadugi|700|||||||&#8221; body_text_color=&#8221;#ff6600&#8243; body_font_size=&#8221;20px&#8221; background_color=&#8221;rgba(255,255,255,0.8)&#8221; background_enable_image=&#8221;off&#8221; background_blend=&#8221;lighten&#8221; custom_button=&#8221;on&#8221; button_text_size=&#8221;16px&#8221; button_text_color=&#8221;#ffffff&#8221; button_bg_color=&#8221;rgba(255,255,255,0.1)&#8221; button_border_width=&#8221;10px&#8221; button_border_color=&#8221;rgba(210,159,104,0)&#8221; button_border_radius=&#8221;100px&#8221; button_font=&#8221;Lato|900|||||||&#8221; button_use_icon=&#8221;off&#8221; background_layout=&#8221;light&#8221; max_width=&#8221;900px&#8221; max_width_last_edited=&#8221;off|desktop&#8221; module_alignment=&#8221;center&#8221; min_height=&#8221;0px&#8221; custom_padding=&#8221;0px||0px||true|false&#8221; animation_style=&#8221;zoom&#8221; animation_intensity_zoom=&#8221;2%&#8221; header_font_size_tablet=&#8221;30px&#8221; header_font_size_phone=&#8221;24px&#8221; header_font_size_last_edited=&#8221;on|phone&#8221; box_shadow_style=&#8221;preset3&#8243; box_shadow_vertical=&#8221;100px&#8221; box_shadow_blur=&#8221;100px&#8221; box_shadow_spread=&#8221;-60px&#8221; button_text_color_hover=&#8221;#3550a0&#8243; button_bg_color_hover=&#8221;#ffffff&#8221; global_colors_info=&#8221;{}&#8221; button_text_size__hover_enabled=&#8221;off&#8221; button_one_text_size__hover_enabled=&#8221;off&#8221; button_two_text_size__hover_enabled=&#8221;off&#8221; button_text_color__hover_enabled=&#8221;on&#8221; button_text_color__hover=&#8221;#3550a0&#8243; button_one_text_color__hover_enabled=&#8221;off&#8221; button_two_text_color__hover_enabled=&#8221;off&#8221; button_border_width__hover_enabled=&#8221;off&#8221; button_one_border_width__hover_enabled=&#8221;off&#8221; button_two_border_width__hover_enabled=&#8221;off&#8221; button_border_color__hover_enabled=&#8221;off&#8221; button_one_border_color__hover_enabled=&#8221;off&#8221; button_two_border_color__hover_enabled=&#8221;off&#8221; button_border_radius__hover_enabled=&#8221;off&#8221; button_one_border_radius__hover_enabled=&#8221;off&#8221; button_two_border_radius__hover_enabled=&#8221;off&#8221; button_letter_spacing__hover_enabled=&#8221;off&#8221; button_one_letter_spacing__hover_enabled=&#8221;off&#8221; button_two_letter_spacing__hover_enabled=&#8221;off&#8221; button_bg_color__hover_enabled=&#8221;on&#8221; button_bg_color__hover=&#8221;#ffffff&#8221; button_one_bg_color__hover_enabled=&#8221;off&#8221; button_two_bg_color__hover_enabled=&#8221;off&#8221;]<\/p>\n<h2>ENTREguem resultats<\/h2>\n<p>a trav\u00e9s de l\u2019organitzaci\u00f3 i dinamitzaci\u00f3 de persones.<\/p>\n<p>[\/et_pb_cta][\/et_pb_column][\/et_pb_row][et_pb_row _builder_version=&#8221;4.16&#8243; global_colors_info=&#8221;{}&#8221;][et_pb_column type=&#8221;4_4&#8243; _builder_version=&#8221;4.16&#8243; custom_padding=&#8221;|||&#8221; global_colors_info=&#8221;{}&#8221; custom_padding__hover=&#8221;|||&#8221;][et_pb_text _builder_version=&#8221;4.16&#8243; text_font=&#8221;Gadugi||||||||&#8221; text_font_size=&#8221;16px&#8221; text_line_height=&#8221;1.8em&#8221; header_font=&#8221;Gadugi||||||||&#8221; header_2_font=&#8221;Gadugi|700|||||||&#8221; header_2_font_size=&#8221;40px&#8221; header_2_line_height=&#8221;1.5em&#8221; header_3_font=&#8221;Gadugi|700|||||||&#8221; header_3_text_align=&#8221;center&#8221; header_3_line_height=&#8221;1.5em&#8221; header_6_font=&#8221;||||||||&#8221; max_width=&#8221;987px&#8221; max_width_last_edited=&#8221;off|desktop&#8221; custom_margin=&#8221;|||&#8221; custom_padding=&#8221;|||86px||&#8221; custom_padding_tablet=&#8221;&#8221; custom_padding_phone=&#8221;|||0px|false|false&#8221; custom_padding_last_edited=&#8221;on|phone&#8221; header_2_font_size_tablet=&#8221;30px&#8221; header_2_font_size_phone=&#8221;24px&#8221; header_2_font_size_last_edited=&#8221;on|phone&#8221; locked=&#8221;off&#8221; global_colors_info=&#8221;{}&#8221;]<\/p>\n<h3><span>La teva empresa \u00e9s petita per a contractar una Direcci\u00f3 de Recursos Humans i \u00a0necessites l&#8217;ajuda d\u2019una experta?<\/span><\/h3>\n<h3>Ha arribat el moment en que la dedicaci\u00f3 a temes de personal et consumeix el temps que hauries de dedicar a desenvolupar\u00a0 el teu negoci?<\/h3>\n<h3>Vols comptar amb un Servei de Recursos Humans de primera amb cost variable?<\/h3>\n<p>[\/et_pb_text][\/et_pb_column][\/et_pb_row][\/et_pb_section][et_pb_section fb_built=&#8221;1&#8243; disabled_on=&#8221;off|off|off&#8221; admin_label=&#8221;About&#8221; _builder_version=&#8221;4.16&#8243; background_color=&#8221;#ffffff&#8221; use_background_color_gradient=&#8221;on&#8221; background_color_gradient_stops=&#8221;#ffffff 0%|rgba(0,0,0,0) 100%&#8221; background_color_gradient_overlays_image=&#8221;on&#8221; background_color_gradient_start=&#8221;#ffffff&#8221; background_color_gradient_end=&#8221;rgba(0,0,0,0)&#8221; background_image=&#8221;http:\/\/www.entretalent.com\/wp-content\/uploads\/2020\/03\/neurona.jpg&#8221; custom_padding=&#8221;0px||0px|||&#8221; global_colors_info=&#8221;{}&#8221;][et_pb_row column_structure=&#8221;2_5,3_5&#8243; _builder_version=&#8221;4.16&#8243; module_alignment=&#8221;center&#8221; custom_margin=&#8221;|auto||207px||&#8221; custom_padding=&#8221;74px|||||&#8221; global_colors_info=&#8221;{}&#8221;][et_pb_column type=&#8221;2_5&#8243; _builder_version=&#8221;4.16&#8243; custom_padding=&#8221;|||&#8221; global_colors_info=&#8221;{}&#8221; custom_padding__hover=&#8221;|||&#8221;][et_pb_text _builder_version=&#8221;4.16&#8243; text_font=&#8221;Gadugi||||||||&#8221; text_text_color=&#8221;#000000&#8243; text_font_size=&#8221;22px&#8221; text_line_height=&#8221;1.9em&#8221; header_font=&#8221;||||||||&#8221; header_3_font=&#8221;Lato|700||on|||||&#8221; header_3_text_color=&#8221;#3550a0&#8243; header_3_font_size=&#8221;24px&#8221; header_3_line_height=&#8221;1.7em&#8221; header_6_font=&#8221;||||||||&#8221; background_color=&#8221;rgba(255,255,255,0.7)&#8221; max_width=&#8221;627px&#8221; max_width_last_edited=&#8221;off|desktop&#8221; custom_margin=&#8221;|||0px|false|false&#8221; custom_padding=&#8221;20px|20px|20px|20px|false|false&#8221; header_3_font_size_tablet=&#8221;&#8221; header_3_font_size_phone=&#8221;20px&#8221; header_3_font_size_last_edited=&#8221;on|desktop&#8221; locked=&#8221;off&#8221; global_colors_info=&#8221;{}&#8221;]<\/p>\n<p>L&#8217;experi\u00e8ncia i la formaci\u00f3 especialitzada en <strong>Direcci\u00f3 de Recursos Humans<\/strong>, amb <strong>m\u00e9s de 25 anys treballant<\/strong> en l&#8217;\u00e0mbit de <strong>persones i organitzacions<\/strong>, des d&#8217;una <strong>doble perspectiva<\/strong>, externa i interna, en Consultoria i en Direcci\u00f3 de Recursos Humans per a empreses de diferents sectors i envergadura, ens d\u00f3na una visi\u00f3 \u00e0mplia i adaptativa per a cercar <strong>solucions a mida<\/strong> (per hores mensuals o projectes) per a la teva empresa.\u00a0<\/p>\n<p>Aportem un valor ideal <strong>per a PYMES<\/strong> per la pr\u00e0ctica treballant en entorns amb canvis de direcci\u00f3, estrat\u00e8gia i cultura empresarial, donant <strong>suport a Directius<\/strong> i en <strong>Comit\u00e9 de Direcci\u00f3<\/strong>.<\/p>\n<p>[\/et_pb_text][\/et_pb_column][et_pb_column type=&#8221;3_5&#8243; _builder_version=&#8221;4.16&#8243; custom_padding=&#8221;|||&#8221; global_colors_info=&#8221;{}&#8221; custom_padding__hover=&#8221;|||&#8221;][et_pb_text _builder_version=&#8221;4.16&#8243; text_font=&#8221;Gadugi|700|||||||&#8221; text_font_size=&#8221;16px&#8221; text_line_height=&#8221;1.5em&#8221; ul_font_size=&#8221;22px&#8221; ul_line_height=&#8221;1.8em&#8221; header_font=&#8221;Gadugi||||||||&#8221; header_3_font=&#8221;Gadugi|700|||||||&#8221; header_3_text_color=&#8221;#3550a0&#8243; header_3_font_size=&#8221;25px&#8221; header_3_line_height=&#8221;1.7em&#8221; header_6_font=&#8221;||||||||&#8221; background_color=&#8221;rgba(255,255,255,0.7)&#8221; max_width=&#8221;600px&#8221; max_width_last_edited=&#8221;off|desktop&#8221; min_height=&#8221;799px&#8221; custom_margin=&#8221;|-18px|-3px|||&#8221; custom_padding=&#8221;18px|40px|12px|40px||&#8221; header_3_font_size_tablet=&#8221;&#8221; header_3_font_size_phone=&#8221;20px&#8221; header_3_font_size_last_edited=&#8221;on|desktop&#8221; locked=&#8221;off&#8221; global_colors_info=&#8221;{}&#8221;]<\/p>\n<h3 style=\"text-align: center;\"><span style=\"color: #008000;\">ORGANITZACI\u00d3 I DIRECCI\u00d3 DE<br \/>PERSONES externalitzada\u00a0<\/span><\/h3>\n<ul>\n<li>Disseny de pol\u00edtiques i procediments de recursos humans.<\/li>\n<li>Descripci\u00f3 i valoraci\u00f3 de llocs de treball.<\/li>\n<li>Plans d&#8217;integraci\u00f3 \u2013 Onboarding.<\/li>\n<li>Plans de formaci\u00f3.<\/li>\n<li>Gesti\u00f3 per compet\u00e8ncies i per valors.<\/li>\n<li>Compensaci\u00f3 i beneficis.<\/li>\n<li>Cultura i clima empresarial.<\/li>\n<\/ul>\n<p>[\/et_pb_text][\/et_pb_column][\/et_pb_row][\/et_pb_section][et_pb_section fb_built=&#8221;1&#8243; admin_label=&#8221;Testimonials&#8221; _builder_version=&#8221;4.16&#8243; global_colors_info=&#8221;{}&#8221;][et_pb_row _builder_version=&#8221;4.16&#8243; global_colors_info=&#8221;{}&#8221;][et_pb_column type=&#8221;4_4&#8243; _builder_version=&#8221;4.16&#8243; global_colors_info=&#8221;{}&#8221;][et_pb_text _builder_version=&#8221;4.16&#8243; header_3_font=&#8221;Gadugi|||on|||||&#8221; header_3_text_color=&#8221;#ff6400&#8243; header_3_font_size=&#8221;30px&#8221; global_colors_info=&#8221;{}&#8221;]<\/p>\n<h3 style=%22text-align: center;%22>opinions<\/h3>\n<p>[\/et_pb_text][\/et_pb_column][\/et_pb_row][et_pb_row column_structure=&#8221;1_3,1_3,1_3&#8243; _builder_version=&#8221;4.16&#8243; global_colors_info=&#8221;{}&#8221;][et_pb_column type=&#8221;1_3&#8243; _builder_version=&#8221;4.16&#8243; custom_padding=&#8221;|||&#8221; global_colors_info=&#8221;{}&#8221; custom_padding__hover=&#8221;|||&#8221;][et_pb_testimonial quote_icon_color=&#8221;#009900&#8243; _builder_version=&#8221;4.16&#8243; body_font=&#8221;||||||||&#8221; body_font_size=&#8221;18px&#8221; body_line_height=&#8221;1.9em&#8221; use_background_color=&#8221;off&#8221; global_colors_info=&#8221;{}&#8221;]<\/p>\n<p>L\u2019Elsa ha col\u00b7laborat amb nosaltres com si fos part del nostre equip, ha conegut el nostre negoci i s&#8217;ha involucrat en el nostre projecte per a aconseguir el millor resultat.<\/p>\n<p>[\/et_pb_testimonial][\/et_pb_column][et_pb_column type=&#8221;1_3&#8243; _builder_version=&#8221;4.16&#8243; custom_padding=&#8221;|||&#8221; global_colors_info=&#8221;{}&#8221; custom_padding__hover=&#8221;|||&#8221;][et_pb_testimonial quote_icon_color=&#8221;#ff6400&#8243; _builder_version=&#8221;4.16&#8243; body_font=&#8221;||||||||&#8221; body_font_size=&#8221;18px&#8221; body_line_height=&#8221;1.9em&#8221; use_background_color=&#8221;off&#8221; global_colors_info=&#8221;{}&#8221;]<\/p>\n<p>L&#8217;envergadura de la nostra empresa no ens permet contractar una especialista en recursos humans, ha estat un encert establir una col\u00b7laboraci\u00f3 amb EnTreTalenT.<\/p>\n<p>[\/et_pb_testimonial][\/et_pb_column][et_pb_column type=&#8221;1_3&#8243; _builder_version=&#8221;4.16&#8243; custom_padding=&#8221;|||&#8221; global_colors_info=&#8221;{}&#8221; custom_padding__hover=&#8221;|||&#8221;][et_pb_testimonial quote_icon_color=&#8221;#009900&#8243; _builder_version=&#8221;4.16&#8243; body_font=&#8221;||||||||&#8221; body_font_size=&#8221;18px&#8221; body_line_height=&#8221;1.9em&#8221; use_background_color=&#8221;off&#8221; locked=&#8221;off&#8221; global_colors_info=&#8221;{}&#8221;]<\/p>\n<p>La incorporaci\u00f3 dels serveis d\u2019EnTreTalenT ens ha perm\u00e8s aprofitar m\u00e9s el potencial hum\u00e0 de la nostra empresa i tenir una millor gesti\u00f3.<\/p>\n<p>[\/et_pb_testimonial][\/et_pb_column][\/et_pb_row][\/et_pb_section][et_pb_section fb_built=&#8221;1&#8243; _builder_version=&#8221;4.16&#8243; custom_padding=&#8221;1px|||||&#8221; global_colors_info=&#8221;{}&#8221;][et_pb_row _builder_version=&#8221;4.16&#8243; global_colors_info=&#8221;{}&#8221;][et_pb_column type=&#8221;4_4&#8243; _builder_version=&#8221;4.16&#8243; global_colors_info=&#8221;{}&#8221;][et_pb_cta button_url=&#8221;http:\/\/www.entretalent.com\/ca\/contacte\/&#8221; button_text=&#8221;Ho vull&#8221; _builder_version=&#8221;4.16&#8243; background_color=&#8221;#FF6400&#8243; background_enable_image=&#8221;off&#8221; background_size=&#8221;contain&#8221; background_position=&#8221;center_right&#8221; custom_button=&#8221;on&#8221; box_shadow_style=&#8221;preset1&#8243; global_colors_info=&#8221;{}&#8221;]<\/p>\n<h2>Qu\u00e8 esperes a tenir un suport extern, <br \/>vols tenir un bon <strong>Partner<\/strong> de Direcci\u00f3 de Personas?<\/h2>\n<p>[\/et_pb_cta][et_pb_image src=&#8221;http:\/\/www.entretalent.com\/wp-content\/uploads\/2020\/03\/diamante.png&#8221; _builder_version=&#8221;4.16&#8243; width=&#8221;28%&#8221; custom_margin=&#8221;-270px|||-98px|false|false&#8221; custom_margin_tablet=&#8221;&#8221; custom_margin_phone=&#8221;-126px|||0px|false|false&#8221; custom_margin_last_edited=&#8221;on|phone&#8221; filter_opacity=&#8221;15%&#8221; global_colors_info=&#8221;{}&#8221;][\/et_pb_image][\/et_pb_column][\/et_pb_row][\/et_pb_section]<\/p>\n","protected":false},"excerpt":{"rendered":"<p>Direcci\u00f3 de persones -Recursos Humans externalitzatsENTREguem resultats a trav\u00e9s de l\u2019organitzaci\u00f3 i dinamitzaci\u00f3 de persones.La teva empresa \u00e9s petita per a contractar una Direcci\u00f3 de Recursos Humans i \u00a0necessites l&#8217;ajuda d\u2019una experta? Ha arribat el moment en que la dedicaci\u00f3 a temes de personal et consumeix el temps que hauries de dedicar a desenvolupar\u00a0 el [&hellip;]<\/p>\n","protected":false},"author":1,"featured_media":0,"parent":0,"menu_order":0,"comment_status":"closed","ping_status":"closed","template":"","meta":{"_et_pb_use_builder":"on","_et_pb_old_content":"","_et_gb_content_width":""},"yoast_head":"<!-- This site is optimized with the Yoast SEO plugin v19.9 - https:\/\/yoast.com\/wordpress\/plugins\/seo\/ -->\n<title>Direcci\u00f3 de persones - EntreTalent<\/title>\n<meta name=\"robots\" content=\"index, follow, max-snippet:-1, max-image-preview:large, max-video-preview:-1\" \/>\n<link rel=\"canonical\" href=\"https:\/\/www.entretalent.com\/ca\/direccio-de-persones\/\" \/>\n<meta property=\"og:locale\" content=\"ca_ES\" \/>\n<meta property=\"og:type\" content=\"article\" \/>\n<meta property=\"og:title\" content=\"Direcci\u00f3 de persones - EntreTalent\" \/>\n<meta property=\"og:description\" content=\"Direcci\u00f3 de persones -Recursos Humans externalitzatsENTREguem resultats a trav\u00e9s de l\u2019organitzaci\u00f3 i dinamitzaci\u00f3 de persones.La teva empresa \u00e9s petita per a contractar una Direcci\u00f3 de Recursos Humans i \u00a0necessites l&#039;ajuda d\u2019una experta? Ha arribat el moment en que la dedicaci\u00f3 a temes de personal et consumeix el temps que hauries de dedicar a desenvolupar\u00a0 el [&hellip;]\" \/>\n<meta property=\"og:url\" content=\"https:\/\/www.entretalent.com\/ca\/direccio-de-persones\/\" \/>\n<meta property=\"og:site_name\" content=\"EntreTalent\" \/>\n<meta property=\"article:modified_time\" content=\"2024-11-21T18:35:53+00:00\" \/>\n<meta name=\"twitter:card\" content=\"summary_large_image\" \/>\n<meta name=\"twitter:label1\" content=\"Temps estimat de lectura\" \/>\n\t<meta name=\"twitter:data1\" content=\"9 minuts\" \/>\n<script type=\"application\/ld+json\" class=\"yoast-schema-graph\">{\"@context\":\"https:\/\/schema.org\",\"@graph\":[{\"@type\":\"WebPage\",\"@id\":\"https:\/\/www.entretalent.com\/ca\/direccio-de-persones\/\",\"url\":\"https:\/\/www.entretalent.com\/ca\/direccio-de-persones\/\",\"name\":\"Direcci\u00f3 de persones - EntreTalent\",\"isPartOf\":{\"@id\":\"https:\/\/www.entretalent.com\/#website\"},\"datePublished\":\"2021-11-06T12:21:37+00:00\",\"dateModified\":\"2024-11-21T18:35:53+00:00\",\"breadcrumb\":{\"@id\":\"https:\/\/www.entretalent.com\/ca\/direccio-de-persones\/#breadcrumb\"},\"inLanguage\":\"ca\",\"potentialAction\":[{\"@type\":\"ReadAction\",\"target\":[\"https:\/\/www.entretalent.com\/ca\/direccio-de-persones\/\"]}]},{\"@type\":\"BreadcrumbList\",\"@id\":\"https:\/\/www.entretalent.com\/ca\/direccio-de-persones\/#breadcrumb\",\"itemListElement\":[{\"@type\":\"ListItem\",\"position\":1,\"name\":\"Portada\",\"item\":\"https:\/\/www.entretalent.com\/ca\/\"},{\"@type\":\"ListItem\",\"position\":2,\"name\":\"Direcci\u00f3 de persones\"}]},{\"@type\":\"WebSite\",\"@id\":\"https:\/\/www.entretalent.com\/#website\",\"url\":\"https:\/\/www.entretalent.com\/\",\"name\":\"EntreTalent\",\"description\":\"RRHH\",\"potentialAction\":[{\"@type\":\"SearchAction\",\"target\":{\"@type\":\"EntryPoint\",\"urlTemplate\":\"https:\/\/www.entretalent.com\/?s={search_term_string}\"},\"query-input\":\"required name=search_term_string\"}],\"inLanguage\":\"ca\"}]}<\/script>\n<!-- \/ Yoast SEO plugin. -->","yoast_head_json":{"title":"Direcci\u00f3 de persones - EntreTalent","robots":{"index":"index","follow":"follow","max-snippet":"max-snippet:-1","max-image-preview":"max-image-preview:large","max-video-preview":"max-video-preview:-1"},"canonical":"https:\/\/www.entretalent.com\/ca\/direccio-de-persones\/","og_locale":"ca_ES","og_type":"article","og_title":"Direcci\u00f3 de persones - EntreTalent","og_description":"Direcci\u00f3 de persones -Recursos Humans externalitzatsENTREguem resultats a trav\u00e9s de l\u2019organitzaci\u00f3 i dinamitzaci\u00f3 de persones.La teva empresa \u00e9s petita per a contractar una Direcci\u00f3 de Recursos Humans i \u00a0necessites l'ajuda d\u2019una experta? Ha arribat el moment en que la dedicaci\u00f3 a temes de personal et consumeix el temps que hauries de dedicar a desenvolupar\u00a0 el [&hellip;]","og_url":"https:\/\/www.entretalent.com\/ca\/direccio-de-persones\/","og_site_name":"EntreTalent","article_modified_time":"2024-11-21T18:35:53+00:00","twitter_card":"summary_large_image","twitter_misc":{"Temps estimat de lectura":"9 minuts"},"schema":{"@context":"https:\/\/schema.org","@graph":[{"@type":"WebPage","@id":"https:\/\/www.entretalent.com\/ca\/direccio-de-persones\/","url":"https:\/\/www.entretalent.com\/ca\/direccio-de-persones\/","name":"Direcci\u00f3 de persones - EntreTalent","isPartOf":{"@id":"https:\/\/www.entretalent.com\/#website"},"datePublished":"2021-11-06T12:21:37+00:00","dateModified":"2024-11-21T18:35:53+00:00","breadcrumb":{"@id":"https:\/\/www.entretalent.com\/ca\/direccio-de-persones\/#breadcrumb"},"inLanguage":"ca","potentialAction":[{"@type":"ReadAction","target":["https:\/\/www.entretalent.com\/ca\/direccio-de-persones\/"]}]},{"@type":"BreadcrumbList","@id":"https:\/\/www.entretalent.com\/ca\/direccio-de-persones\/#breadcrumb","itemListElement":[{"@type":"ListItem","position":1,"name":"Portada","item":"https:\/\/www.entretalent.com\/ca\/"},{"@type":"ListItem","position":2,"name":"Direcci\u00f3 de persones"}]},{"@type":"WebSite","@id":"https:\/\/www.entretalent.com\/#website","url":"https:\/\/www.entretalent.com\/","name":"EntreTalent","description":"RRHH","potentialAction":[{"@type":"SearchAction","target":{"@type":"EntryPoint","urlTemplate":"https:\/\/www.entretalent.com\/?s={search_term_string}"},"query-input":"required name=search_term_string"}],"inLanguage":"ca"}]}},"_links":{"self":[{"href":"https:\/\/www.entretalent.com\/ca\/wp-json\/wp\/v2\/pages\/1235"}],"collection":[{"href":"https:\/\/www.entretalent.com\/ca\/wp-json\/wp\/v2\/pages"}],"about":[{"href":"https:\/\/www.entretalent.com\/ca\/wp-json\/wp\/v2\/types\/page"}],"author":[{"embeddable":true,"href":"https:\/\/www.entretalent.com\/ca\/wp-json\/wp\/v2\/users\/1"}],"replies":[{"embeddable":true,"href":"https:\/\/www.entretalent.com\/ca\/wp-json\/wp\/v2\/comments?post=1235"}],"version-history":[{"count":8,"href":"https:\/\/www.entretalent.com\/ca\/wp-json\/wp\/v2\/pages\/1235\/revisions"}],"predecessor-version":[{"id":1884,"href":"https:\/\/www.entretalent.com\/ca\/wp-json\/wp\/v2\/pages\/1235\/revisions\/1884"}],"wp:attachment":[{"href":"https:\/\/www.entretalent.com\/ca\/wp-json\/wp\/v2\/media?parent=1235"}],"curies":[{"name":"wp","href":"https:\/\/api.w.org\/{rel}","templated":true}]}}