{"id":1307,"date":"2021-11-10T10:39:01","date_gmt":"2021-11-10T10:39:01","guid":{"rendered":"http:\/\/www.entretalent.com\/avis-legal\/"},"modified":"2021-11-10T10:39:01","modified_gmt":"2021-11-10T10:39:01","slug":"avis-legal","status":"publish","type":"page","link":"https:\/\/www.entretalent.com\/ca\/avis-legal\/","title":{"rendered":"Av\u00eds Legal"},"content":{"rendered":"\n<p><strong>DADES IDENTIFICATIVES <\/strong><\/p>\n\n<p>En compliment amb el deure d\u2019informaci\u00f3 recollit en l\u2019article 10 de la Llei 34\/2002, de 11 de juliol, de Serveis de la Societat de la Informaci\u00f3 i del Comer\u00e7 Electr\u00f2nic, a continuaci\u00f3 es faciliten les seg\u00fcents dades:<br\/>El titular d\u2019aquesta website \u00e9s Elsa Puig Iglesias, amb domicili a efectes de notificaci\u00f3 a Proven\u00e7a 385 1o 2a, 08025 de Barcelona, amb n\u00famero de NIF: 46351011P. Correu electr\u00f2nic de contacte info@entretalent.com.<br\/>La informaci\u00f3 continguda a www.entretalent.com, constitueix un servei d\u2019informaci\u00f3 dels diversos serveis que ofereix Elsa Puig Iglesias (des d\u2019ara \u201cENTRETALENT\u201d) en l\u2019\u00e0mbit del assessorament y consultoria de gesti\u00f3 de recursos humans: Consultoria i formaci\u00f3, Selecci\u00f3 i Avaluaci\u00f3 de personal, Direcci\u00f3 de Persones i Assessoria Psicol\u00f2gica. <\/p>\n\n<p><strong>ACEPTACI\u00d3 DE LES CONDICIONS D&#8217;\u00daS <\/strong><\/p>\n\n<p>L\u2019acc\u00e9s al Web www.entretalent.com implica l\u2019acceptaci\u00f3 de les condicions d\u2019\u00fas que en cada moment es trobin vigents en aquesta Web. <\/p>\n\n<p><strong>PROPIETAT INTEL\u00b7LECTUAL <\/strong><\/p>\n\n<p>El codi font, els dissenys gr\u00e0fics, les imatges, les fotografies, les animacions, el software, els textos, aix\u00ed com la informaci\u00f3 i els seus continguts que es recullen en www.entretalent.com estan protegits per la legislaci\u00f3 espanyola i la normativa de drets de propietat intel\u00b7lectual i industrial a favor de \u201cENTRETALENT\u201d i no es permet la reproducci\u00f3, total o parcial, d\u2019aquesta Web, ni el seu tractament inform\u00e0tic, comunicaci\u00f3 p\u00fablica, distribuci\u00f3, difusi\u00f3, modificaci\u00f3, transformaci\u00f3 o descompilaci\u00f3, sense el perm\u00eds previ i per escrit del seu titular, \u201cENTRETALENT\u201d de conformitat amb els articles 8 i 32 Llei de Propietat Intel\u00b7lectual. L\u2019usuari, \u00fanica i exclusivament podr\u00e0 utilitzar el material que aparegui en aquesta Web pel seu \u00fas personal i privat, quedant prohibida la seva utilitzaci\u00f3 amb finalitats comercials o per inc\u00f3rrer en activitats il\u00b7l\u00edcites. Tots els drets derivats de la propietat intel\u00b7lectual estan expressament reservats per \u201cENTRETALENT\u201d. \u201cENTRETALENT\u201d vetllar\u00e0 pel compliment de les anteriors condicions i pel correcte \u00fas dels continguts presentats en el seu portal, exercitant totes les accions civils i penals que li corresponguin en el cas d\u2019infracci\u00f3 o incompliment d\u2019aquests drets per part de l\u2019usuari. <\/p>\n\n<p><strong>PROTECCI\u00d3 DE DADES DE CARACTER PERSONAL <\/strong><\/p>\n\n<p>L\u2019acc\u00e9s a la p\u00e0gina Web o la seva utilitzaci\u00f3 no implica una recollida de dades personals de l\u2019usuari per part de \u201cENTRETALENT\u201d. No obstant, es comunica que, en el cas de que \u201cENTRETALENT\u201d sol\u00b7liciti dades personals, s\u2019informar\u00e0 degudament a l\u2019usuari conforme al que s\u2019estableix en el Reglament General de Protecci\u00f3 de Dades i a altre normativa d\u2019aplicaci\u00f3.<br\/>Les Dades Personals que recull \u201cENTRETALENT\u201d en els diferents tipus de formularis, seran tractats amb la finalitat de donar resposta a la sol\u00b7licitud realitzada per l&#8217;interessat, aix\u00ed com per al manteniment de la relaci\u00f3 que si escau s&#8217;estableixi, i la gesti\u00f3, administraci\u00f3, informaci\u00f3, prestaci\u00f3 i millora dels serveis que decideixi contractar. Tamb\u00e9 seran tractats amb la finalitat d&#8217;oferir-li b\u00e9ns i serveis relacionats amb el formulari emplenat. Per a una informaci\u00f3 m\u00e9s detallada quant a la Protecci\u00f3 de Dades, haur\u00e0 d&#8217;accedir a la nostra \u201cPol\u00edtica de Privacitat\u201d \u201cENTRETALENT\u201d ha pres les mesures d&#8217;\u00edndole t\u00e8cnica i organitzativa necess\u00e0ries per garantir la seguretat de les dades i evitar la seva alteraci\u00f3, p\u00e8rdua, tractament o acc\u00e9s no autoritzat, tenint en compte l&#8217;estat de la tecnologia, la naturalesa de les dades emmagatzemades i els riscos als que es troben exposats, ja provinguin de l&#8217;acci\u00f3 humana o del mitj\u00e0 f\u00edsic o natural. <\/p>\n\n<p><strong>REGISTRE I CONTRASENYES D\u2019 ACC\u00c9S <\/strong><\/p>\n\n<p>\u201cENTRETALENT\u201d proporciona de forma confidencial a cadascun dels seus clients un nom d\u2019usuari i una contrasenya d\u2019acc\u00e9s, la qual \u00e9s \u00fanica, personal e intransferible, sent condici\u00f3 necess\u00e0ria per accedir a determinats serveis inclosos a la Web. L\u2019usuari es compromet a preservar la confidencialitat de la seva contrasenya, podent sol\u00b7licitar la seva modificaci\u00f3 en cas de p\u00e8rdua, coneixement per altres persones o qualsevol altra circumstancia que impedeixi o dificulti el normal funcionament del seu acc\u00e9s. \u201cENTRETALENT\u201d es reserva el dret a anul\u00b7lar discrecionalment l\u2019acc\u00e9s d\u2019algun usuari quan concorren circumstancies de les quals es puguin presumir utilitzacions il\u00b7l\u00edcites. L\u2019usuari assumeix la plena responsabilitat i, per tant, totes les obligacions que es derivin de l\u2019\u00fas de diferents serveis i productes a qu\u00e8 s\u2019accedeix amb clau d\u2019acc\u00e9s o per la utilitzaci\u00f3 que d\u2019ells realitzin terceres persones accedint amb la contrasenya de l\u2019usuari. <\/p>\n\n<p><strong>DADES EN XARXES SOCIALS <\/strong><\/p>\n\n<p>\u201cENTRETALENT\u201d disposa de perfils en diferents xarxes socials, per tant hem d\u2019advertir a l\u2019usuari que totes aquelles dades que publiqui en aquests perfils seran vistos per tots aquells usuaris que interactu\u00efn o consultin amb aquests perfils, tinguin aquests o no el seu propi perfil a la xarxa social, ja que tots els perfils de \u201cENTRETALENT\u201d s\u00f3n p\u00fablics. En conseq\u00fc\u00e8ncia, tota la informaci\u00f3 i continguts publicats per l\u2019usuari en la p\u00e0gina oficial de \u201cENTRETALENT\u201d en alguna de les xarxes socials, ser\u00e0 objecte de comunicaci\u00f3 a la resta d\u2019usuaris per la pr\u00f2pia naturalesa del servei. \u201cENTRETALENT\u201d nom\u00e9s es responsable i garanteix la confidencialitat, seguretat i tractament de les dades conforme la legislaci\u00f3 vigent, respecte a les dades recollides directament de l\u2019usuari, no tenint cap mena de responsabilitat respecte als tractaments i posteriors usos que la xarxa social pogu\u00e9s efectuar.<br\/><br\/><strong>LIMITACIO DE LA RESPONSABILITAT<\/strong> <\/p>\n\n<p>\u201cENTRETALENT\u201d no es responsabilitza dels possibles danys o perjudicis que puguin succeir com a conseq\u00fc\u00e8ncia de l\u2019\u00fas dels continguts de la Web, sent d\u2019exclusiva responsabilitat de l\u2019usuari que accedeixi als mateixos. En el mateix sentit, \u201cENTRETALENT\u201d no es responsabilitza dels possibles perjudicis que es puguin derivar de l\u2019\u00fas d\u2019una versi\u00f3 no actualitzada o defectuosa del navegador, d\u2019interrupcions en la connexi\u00f3 que es produeixin durant la transmissi\u00f3 de dades, virus inform\u00e0tics, avaries o desconnexions en el funcionament del sistema telem\u00e0tic, de blocatges causats per defici\u00e8ncies o sobrec\u00e0rregues de l\u00ednies telef\u00f2niques, aix\u00ed com de danys provocats per terceres persones mitjan\u00e7ant intromissions no autoritzades. La Web de \u201cENTRETALENT\u201d cont\u00e9 enlla\u00e7os a altres p\u00e0gines Web que puguin resultar d\u2019inter\u00e8s pels usuaris. \u201cENTRETALENT\u201d no assumeix cap responsabilitat sobre aquests enlla\u00e7os, no podent garantir-se el compliment de pol\u00edtiques de privacitat adequades, motiu pel qual l\u2019usuari accedeix al contingut de les referides p\u00e0gines Web en les condicions d\u2019us que es fixin en les mateixes i sota la seva exclusiva responsabilitat. \u201cENTRETALENT\u201d no es fa responsable de l&#8217;incompliment de qualsevol norma aplicable en la qual pugui inc\u00f3rrer l\u2019usuari en el seu acc\u00e9s al Web www.entretalent.com i\/o en l\u2019\u00fas de les informacions contingudes en ella. \u201cENTRETALENT\u201d es reserva el dret a interrompre o denegar discrecionalment, en qualsevol moment i sense necessitat de previ av\u00eds, l\u2019acc\u00e9s de qualsevol usuari als continguts d\u2019acc\u00e9s restringit, quan concorrin algunes de les circumstancies descrites. <\/p>\n\n<p><strong>ENLLA\u00c7OS <\/strong><\/p>\n\n<p>Tots els enlla\u00e7os o links, hipertextual, framing o qualsevol altre tipus de connexi\u00f3 virtual a trav\u00e9s de xarxes de telecomunicaci\u00f3 des de qualsevol Web a la nostra p\u00e0gina Web, haur\u00e0 de ser sol\u00b7licitada i autoritzada pr\u00e8viament i per escrit per \u201cENTRETALENT\u201d, i en el seu defecte els enlla\u00e7os que s\u2019estableixin en aquesta Web, hauran de fer-se a la seva p\u00e0gina d\u2019inici. Els enlla\u00e7os que es realitzin a p\u00e0gines Web de tercers tenen \u00fanicament una finalitat orientativa, sent el seu objecte el posar a disposici\u00f3 de l\u2019usuari altres fonts d\u2019informaci\u00f3 que poguessin ser del seu inter\u00e8s. \u201cENTRETALENT\u201d procura revisar peri\u00f2dicament el contingut dels seus enlla\u00e7os. No obstant, \u00e9s impossible con\u00e8ixer en tot moment el contingut concret dels enlla\u00e7os proposats. Per aquest motiu sol\u00b7licitem la col\u00b7laboraci\u00f3 de qualsevol usuari que accedeixi als referits continguts en el sup\u00f2sit que aquests poguessin ser contraris a la legalitat vigent, moral o ordre p\u00fablic, informant-nos a trav\u00e9s del seg\u00fcent correu electr\u00f2nic info@entretalent.com. <\/p>\n\n<p><strong>RESPONSABILITAT <\/strong><\/p>\n\n<p>En definitiva, l\u2019usuari \u00e9s l\u2019\u00fanic responsable de l\u2019\u00fas que realitzi dels serveis, continguts, enlla\u00e7os (links) i hipertextos inclosos al Web www.entretalent.com.<br\/><br\/><strong>RESERVA <\/strong><\/p>\n\n<p>\u201cENTRETALENT\u201d es reserva la facultat a tota hora, sense necessitat de previ av\u00eds, d\u2019efectuar modificacions i actualitzacions de la informaci\u00f3 continguda a la seva Web o a la seva configuraci\u00f3 i presentaci\u00f3. Aix\u00ed mateix es reserva el dret a suspendre temporalment, i sense que sigui necessari previ av\u00eds, l\u2019accessibilitat a la Web per raons d\u2019una eventual necessitat i per efectuar operacions de manteniment, reparaci\u00f3 o millora.. \u201cENTRETALENT\u201d es reserva el dret a incloure o retirar de manera total o parcialment de la Web, qualsevol informaci\u00f3 a la seva exclusiva discreci\u00f3. <\/p>\n\n<p><strong>LLEI APLICABLE I JURISDICCI\u00d3 <\/strong><\/p>\n\n<p>Per totes aquelles q\u00fcestions que es puguin suscitar amb motiu d\u2019interpretaci\u00f3, execuci\u00f3 o eventual incompliment de les presents condicions d\u2019utilitzaci\u00f3, els usuaris, amb renuncia a la seva pr\u00f2pia jurisdicci\u00f3, i amb independ\u00e8ncia del lloc on se susciti qualsevol disputa, se sotmetran expressament a la compet\u00e8ncia i jurisdicci\u00f3 dels jutjats i tribunals de Barcelona. Les presents condicions es regiran, en tot cas, per la legislaci\u00f3 espanyola.<\/p>\n","protected":false},"excerpt":{"rendered":"<p>DADES IDENTIFICATIVES En compliment amb el deure d\u2019informaci\u00f3 recollit en l\u2019article 10 de la Llei 34\/2002, de 11 de juliol, de Serveis de la Societat de la Informaci\u00f3 i del Comer\u00e7 Electr\u00f2nic, a continuaci\u00f3 es faciliten les seg\u00fcents dades:El titular d\u2019aquesta website \u00e9s Elsa Puig Iglesias, amb domicili a efectes de notificaci\u00f3 a Proven\u00e7a 385 [&hellip;]<\/p>\n","protected":false},"author":1,"featured_media":0,"parent":0,"menu_order":0,"comment_status":"closed","ping_status":"closed","template":"","meta":{"_et_pb_use_builder":"off","_et_pb_old_content":"","_et_gb_content_width":""},"yoast_head":"<!-- This site is optimized with the Yoast SEO plugin v19.9 - https:\/\/yoast.com\/wordpress\/plugins\/seo\/ -->\n<title>Av\u00eds Legal - EntreTalent<\/title>\n<meta name=\"robots\" content=\"index, follow, max-snippet:-1, max-image-preview:large, max-video-preview:-1\" \/>\n<link rel=\"canonical\" href=\"https:\/\/www.entretalent.com\/ca\/avis-legal\/\" \/>\n<meta property=\"og:locale\" content=\"ca_ES\" \/>\n<meta property=\"og:type\" content=\"article\" \/>\n<meta property=\"og:title\" content=\"Av\u00eds Legal - EntreTalent\" \/>\n<meta property=\"og:description\" content=\"DADES IDENTIFICATIVES En compliment amb el deure d\u2019informaci\u00f3 recollit en l\u2019article 10 de la Llei 34\/2002, de 11 de juliol, de Serveis de la Societat de la Informaci\u00f3 i del Comer\u00e7 Electr\u00f2nic, a continuaci\u00f3 es faciliten les seg\u00fcents dades:El titular d\u2019aquesta website \u00e9s Elsa Puig Iglesias, amb domicili a efectes de notificaci\u00f3 a Proven\u00e7a 385 [&hellip;]\" \/>\n<meta property=\"og:url\" content=\"https:\/\/www.entretalent.com\/ca\/avis-legal\/\" \/>\n<meta property=\"og:site_name\" content=\"EntreTalent\" \/>\n<meta name=\"twitter:card\" content=\"summary_large_image\" \/>\n<meta name=\"twitter:label1\" content=\"Temps estimat de lectura\" \/>\n\t<meta name=\"twitter:data1\" content=\"8 minuts\" \/>\n<script type=\"application\/ld+json\" class=\"yoast-schema-graph\">{\"@context\":\"https:\/\/schema.org\",\"@graph\":[{\"@type\":\"WebPage\",\"@id\":\"https:\/\/www.entretalent.com\/ca\/avis-legal\/\",\"url\":\"https:\/\/www.entretalent.com\/ca\/avis-legal\/\",\"name\":\"Av\u00eds Legal - EntreTalent\",\"isPartOf\":{\"@id\":\"https:\/\/www.entretalent.com\/#website\"},\"datePublished\":\"2021-11-10T10:39:01+00:00\",\"dateModified\":\"2021-11-10T10:39:01+00:00\",\"breadcrumb\":{\"@id\":\"https:\/\/www.entretalent.com\/ca\/avis-legal\/#breadcrumb\"},\"inLanguage\":\"ca\",\"potentialAction\":[{\"@type\":\"ReadAction\",\"target\":[\"https:\/\/www.entretalent.com\/ca\/avis-legal\/\"]}]},{\"@type\":\"BreadcrumbList\",\"@id\":\"https:\/\/www.entretalent.com\/ca\/avis-legal\/#breadcrumb\",\"itemListElement\":[{\"@type\":\"ListItem\",\"position\":1,\"name\":\"Portada\",\"item\":\"https:\/\/www.entretalent.com\/ca\/\"},{\"@type\":\"ListItem\",\"position\":2,\"name\":\"Av\u00eds Legal\"}]},{\"@type\":\"WebSite\",\"@id\":\"https:\/\/www.entretalent.com\/#website\",\"url\":\"https:\/\/www.entretalent.com\/\",\"name\":\"EntreTalent\",\"description\":\"RRHH\",\"potentialAction\":[{\"@type\":\"SearchAction\",\"target\":{\"@type\":\"EntryPoint\",\"urlTemplate\":\"https:\/\/www.entretalent.com\/?s={search_term_string}\"},\"query-input\":\"required name=search_term_string\"}],\"inLanguage\":\"ca\"}]}<\/script>\n<!-- \/ Yoast SEO plugin. -->","yoast_head_json":{"title":"Av\u00eds Legal - EntreTalent","robots":{"index":"index","follow":"follow","max-snippet":"max-snippet:-1","max-image-preview":"max-image-preview:large","max-video-preview":"max-video-preview:-1"},"canonical":"https:\/\/www.entretalent.com\/ca\/avis-legal\/","og_locale":"ca_ES","og_type":"article","og_title":"Av\u00eds Legal - EntreTalent","og_description":"DADES IDENTIFICATIVES En compliment amb el deure d\u2019informaci\u00f3 recollit en l\u2019article 10 de la Llei 34\/2002, de 11 de juliol, de Serveis de la Societat de la Informaci\u00f3 i del Comer\u00e7 Electr\u00f2nic, a continuaci\u00f3 es faciliten les seg\u00fcents dades:El titular d\u2019aquesta website \u00e9s Elsa Puig Iglesias, amb domicili a efectes de notificaci\u00f3 a Proven\u00e7a 385 [&hellip;]","og_url":"https:\/\/www.entretalent.com\/ca\/avis-legal\/","og_site_name":"EntreTalent","twitter_card":"summary_large_image","twitter_misc":{"Temps estimat de lectura":"8 minuts"},"schema":{"@context":"https:\/\/schema.org","@graph":[{"@type":"WebPage","@id":"https:\/\/www.entretalent.com\/ca\/avis-legal\/","url":"https:\/\/www.entretalent.com\/ca\/avis-legal\/","name":"Av\u00eds Legal - EntreTalent","isPartOf":{"@id":"https:\/\/www.entretalent.com\/#website"},"datePublished":"2021-11-10T10:39:01+00:00","dateModified":"2021-11-10T10:39:01+00:00","breadcrumb":{"@id":"https:\/\/www.entretalent.com\/ca\/avis-legal\/#breadcrumb"},"inLanguage":"ca","potentialAction":[{"@type":"ReadAction","target":["https:\/\/www.entretalent.com\/ca\/avis-legal\/"]}]},{"@type":"BreadcrumbList","@id":"https:\/\/www.entretalent.com\/ca\/avis-legal\/#breadcrumb","itemListElement":[{"@type":"ListItem","position":1,"name":"Portada","item":"https:\/\/www.entretalent.com\/ca\/"},{"@type":"ListItem","position":2,"name":"Av\u00eds Legal"}]},{"@type":"WebSite","@id":"https:\/\/www.entretalent.com\/#website","url":"https:\/\/www.entretalent.com\/","name":"EntreTalent","description":"RRHH","potentialAction":[{"@type":"SearchAction","target":{"@type":"EntryPoint","urlTemplate":"https:\/\/www.entretalent.com\/?s={search_term_string}"},"query-input":"required name=search_term_string"}],"inLanguage":"ca"}]}},"_links":{"self":[{"href":"https:\/\/www.entretalent.com\/ca\/wp-json\/wp\/v2\/pages\/1307"}],"collection":[{"href":"https:\/\/www.entretalent.com\/ca\/wp-json\/wp\/v2\/pages"}],"about":[{"href":"https:\/\/www.entretalent.com\/ca\/wp-json\/wp\/v2\/types\/page"}],"author":[{"embeddable":true,"href":"https:\/\/www.entretalent.com\/ca\/wp-json\/wp\/v2\/users\/1"}],"replies":[{"embeddable":true,"href":"https:\/\/www.entretalent.com\/ca\/wp-json\/wp\/v2\/comments?post=1307"}],"version-history":[{"count":1,"href":"https:\/\/www.entretalent.com\/ca\/wp-json\/wp\/v2\/pages\/1307\/revisions"}],"predecessor-version":[{"id":1308,"href":"https:\/\/www.entretalent.com\/ca\/wp-json\/wp\/v2\/pages\/1307\/revisions\/1308"}],"wp:attachment":[{"href":"https:\/\/www.entretalent.com\/ca\/wp-json\/wp\/v2\/media?parent=1307"}],"curies":[{"name":"wp","href":"https:\/\/api.w.org\/{rel}","templated":true}]}}